{"id":139,"date":"2023-05-23T17:42:19","date_gmt":"2023-05-23T15:42:19","guid":{"rendered":"https:\/\/malki.info\/inicio\/?page_id=139"},"modified":"2025-05-09T23:39:17","modified_gmt":"2025-05-09T21:39:17","slug":"presentation","status":"publish","type":"page","link":"https:\/\/malki.info\/inicio\/index.php\/presentation\/","title":{"rendered":"Pr\u00e9sentation"},"content":{"rendered":"\t\t<div data-elementor-type=\"wp-page\" data-elementor-id=\"139\" class=\"elementor elementor-139\">\n\t\t\t\t\t\t<section class=\"elementor-section elementor-top-section elementor-element elementor-element-j8i5hg1 elementor-section-content-bottom elementor-section-boxed elementor-section-height-default elementor-section-height-default\" data-id=\"j8i5hg1\" data-element_type=\"section\" data-e-type=\"section\" data-settings=\"{&quot;background_background&quot;:&quot;classic&quot;}\">\n\t\t\t\t\t\t<div class=\"elementor-container elementor-column-gap-default\">\n\t\t\t\t\t<div class=\"elementor-column elementor-col-50 elementor-top-column elementor-element elementor-element-23633a0\" data-id=\"23633a0\" data-element_type=\"column\" data-e-type=\"column\">\n\t\t\t<div class=\"elementor-widget-wrap elementor-element-populated\">\n\t\t\t\t\t\t<div class=\"elementor-element elementor-element-e3e5b62 elementor-view-stacked elementor-widget__width-initial elementor-shape-circle elementor-widget elementor-widget-icon\" data-id=\"e3e5b62\" data-element_type=\"widget\" data-e-type=\"widget\" data-widget_type=\"icon.default\">\n\t\t\t\t<div class=\"elementor-widget-container\">\n\t\t\t\t\t\t\t<div class=\"elementor-icon-wrapper\">\n\t\t\t<div class=\"elementor-icon\">\n\t\t\t<i aria-hidden=\"true\" class=\"fas fa-hand-point-down\"><\/i>\t\t\t<\/div>\n\t\t<\/div>\n\t\t\t\t\t\t<\/div>\n\t\t\t\t<\/div>\n\t\t\t\t<div class=\"elementor-element elementor-element-ac38ead elementor-widget__width-initial elementor-widget elementor-widget-image\" data-id=\"ac38ead\" data-element_type=\"widget\" data-e-type=\"widget\" data-widget_type=\"image.default\">\n\t\t\t\t<div class=\"elementor-widget-container\">\n\t\t\t\t\t\t\t\t\t\t\t\t\t\t\t<img fetchpriority=\"high\" decoding=\"async\" width=\"800\" height=\"252\" src=\"https:\/\/malki.info\/inicio\/wp-content\/uploads\/2023\/05\/malkimadfnegtransp.gif\" class=\"attachment-full size-full wp-image-27\" alt=\"\" \/>\t\t\t\t\t\t\t\t\t\t\t\t\t\t\t<\/div>\n\t\t\t\t<\/div>\n\t\t\t\t<div class=\"elementor-element elementor-element-b938e8f elementor-widget elementor-widget-heading\" data-id=\"b938e8f\" data-element_type=\"widget\" data-e-type=\"widget\" data-widget_type=\"heading.default\">\n\t\t\t\t<div class=\"elementor-widget-container\">\n\t\t\t\t\t<h2 class=\"elementor-heading-title elementor-size-default\">UN  AUTRE  VISAGE  DES  ANDES\n\n<\/h2>\t\t\t\t<\/div>\n\t\t\t\t<\/div>\n\t\t\t\t<div class=\"elementor-element elementor-element-fc3d166 elementor-widget-divider--view-line elementor-widget elementor-widget-divider\" data-id=\"fc3d166\" data-element_type=\"widget\" data-e-type=\"widget\" data-widget_type=\"divider.default\">\n\t\t\t\t<div class=\"elementor-widget-container\">\n\t\t\t\t\t\t\t<div class=\"elementor-divider\">\n\t\t\t<span class=\"elementor-divider-separator\">\n\t\t\t\t\t\t<\/span>\n\t\t<\/div>\n\t\t\t\t\t\t<\/div>\n\t\t\t\t<\/div>\n\t\t\t\t<div class=\"elementor-element elementor-element-718ca85 elementor-widget elementor-widget-text-editor\" data-id=\"718ca85\" data-element_type=\"widget\" data-e-type=\"widget\" data-widget_type=\"text-editor.default\">\n\t\t\t\t<div class=\"elementor-widget-container\">\n\t\t\t\t\t\t\t\t\tUN VOYAGE IMAGINAIRE\nA TRAVERS DES SONS, DES COULEURS ET DES\nRYTHMES MECONNUS DE\nL\u2019AMERIQUE LATINE\nAVEC\n<p>\nM A L K I\t\t\t\t\t\t\t\t<\/div>\n\t\t\t\t<\/div>\n\t\t\t\t<div class=\"elementor-element elementor-element-2be4c54 elementor-tablet-align-start elementor-align-center elementor-icon-list--layout-traditional elementor-list-item-link-full_width elementor-widget elementor-widget-icon-list\" data-id=\"2be4c54\" data-element_type=\"widget\" data-e-type=\"widget\" data-widget_type=\"icon-list.default\">\n\t\t\t\t<div class=\"elementor-widget-container\">\n\t\t\t\t\t\t\t<ul class=\"elementor-icon-list-items\">\n\t\t\t\t\t\t\t<li class=\"elementor-icon-list-item\">\n\t\t\t\t\t\t\t\t\t\t\t<span class=\"elementor-icon-list-icon\">\n\t\t\t\t\t\t\t<i aria-hidden=\"true\" class=\"far fa-arrow-alt-circle-right\"><\/i>\t\t\t\t\t\t<\/span>\n\t\t\t\t\t\t\t\t\t\t<span class=\"elementor-icon-list-text\">Musicien multi-instrumentiste, compositeur, producteur de musique et communicateur en ligne, n\u00e9 \u00e0 Lima, au P\u00e9rou, et vivant en Suisse depuis 1996, Malki (William Valencia) a \u00e9t\u00e9 attir\u00e9 d\u00e8s son plus jeune \u00e2ge par les instruments et rythmes andins et afro-am\u00e9ricains.<br><br>Ayant grandi entre la c\u00f4te p\u00e9ruvienne, ouverte sur l'oc\u00e9an Pacifique, et le monde pastoral andin des montagnes et de l'Altiplano, impr\u00e9gn\u00e9 de tradition inca et pr\u00e9-inca, il a savour\u00e9 et go\u00fbt\u00e9 les fusions musicales.<br><br>De cette mani\u00e8re, Malki a adopt\u00e9 un grand nombre d\u2019instruments refl\u00e9tant cette diversit\u00e9. Il n'oublie pas non plus les instruments d'origine m\u00e9tisse comme le charango, ni les instruments afro-p\u00e9ruviens comme le caj\u00f3n et le bataj\u00f3n, entre autres.<br><br>En plus de sa carri\u00e8re solo, il a jou\u00e9 et collabor\u00e9 avec divers artistes locaux tels que Carlos Zapata, C\u00e9sar Correa, William Fierro, La Oro Band, Los Gipsy Latino, ainsi qu'avec des artistes renomm\u00e9s en tourn\u00e9e en Europe tels que William Luna, Martina Portocarrero et Kotosh.<br><br>En 2013, il s'aventure dans le monde de la diffusion en ligne, poursuivant son projet, d\u00e9but\u00e9 \u00e0 Lima, au P\u00e9rou en 1989, jusqu'\u00e0 aujourd'hui.<br><br>\u00c0 partir de 2024, et fort de l'exp\u00e9rience acquise au fil des ann\u00e9es, Malki envisage de se consacrer \u00e0 la production musicale depuis son modeste home studio \u00e0 Lausanne.<br><br>Du chant ancestral de l\u2019Empire Inca, ainsi que de celui du paysan qui cultive la canne \u00e0 sucre \u00e0 Cuba aujourd\u2019hui, Malki transmet l\u2019amour de la nature, de la po\u00e9sie et de la simplicit\u00e9.<br><br><br><font color=\"#ffffff\" face=\"SpotifyMixUI, CircularSp-Arab, CircularSp-Hebr, CircularSp-Cyrl, CircularSp-Grek, CircularSp-Deva, sans-serif\">M\u00fasico multi-instrumentista, compositor, productor musical y comunicador de medios online, nacido en Lima, Per\u00fa, y radicando en Suiza desde 1996, Malki (William Valencia) fu\u00e9 atra\u00eddo desde muy peque\u00f1o por los instrumentos y los ritmos andinos y afroamericanos. \n\nCreciendo entre la costa peruana abierta al Oc\u00e9ano Pac\u00edfico, y el mundo pastoral andino de la sierra y el Altiplano, impregnado de la tradici\u00f3n inca y pre-inca, ha saboreado y degustado los mestizajes musicales. \n\nDe \u00e9sta manera, Malki  ha adoptado un gran n\u00famero de instrumentos reflejando \u00e9sta diversidad. Tampoco olvida los instrumentos de origen mestizo como el charango, ni los afroperuanos como el caj\u00f3n y bataj\u00f3n entre otros. \n\nAdem\u00e1s de destacarse como solista, particip\u00f3 y colabor\u00f3 con diversos artistas locales como Carlos Zapata, C\u00e9sar Correa, William Fierro, La Oro Band, Los Gipsy Latino, as\u00ed como artistas de renombre,de gira por Europa como William Luna, Martina Portocarrero y Kotosh.<\/font><br><font color=\"#ffffff\" face=\"SpotifyMixUI, CircularSp-Arab, CircularSp-Hebr, CircularSp-Cyrl, CircularSp-Grek, CircularSp-Deva, sans-serif\">\nEn el a\u00f1o 2013 incursiona en el mundo de la radiodifusi\u00f3n online, continuando su proyecto iniciado en Lima, Per\u00fa en el a\u00f1o 1989, hasta nuestros d\u00edas.<\/font><br><font color=\"#ffffff\" face=\"SpotifyMixUI, CircularSp-Arab, CircularSp-Hebr, CircularSp-Cyrl, CircularSp-Grek, CircularSp-Deva, sans-serif\">\nDesde el 2024 y con la experiencia adquirida a lo largo de todos estos a\u00f1os, Malki proyecta dedicarse a la producci\u00f3n musical desde su modesto home-studio en Lausana.<\/font><br><font color=\"#ffffff\" face=\"SpotifyMixUI, CircularSp-Arab, CircularSp-Hebr, CircularSp-Cyrl, CircularSp-Grek, CircularSp-Deva, sans-serif\">\nDesde el canto ancestral del hombre en el incanato, as\u00ed como tambi\u00e9n de aquel campesino que cultiva la ca\u00f1a de azucar en Cuba en nuestros d\u00edas, Malki transmite el amor a la naturaleza, la poes\u00eda y la sencillez.<\/font><br><\/span>\n\t\t\t\t\t\t\t\t\t<\/li>\n\t\t\t\t\t\t<\/ul>\n\t\t\t\t\t\t<\/div>\n\t\t\t\t<\/div>\n\t\t\t\t\t<\/div>\n\t\t<\/div>\n\t\t\t\t<div class=\"elementor-column elementor-col-50 elementor-top-column elementor-element elementor-element-1e5e5f9\" data-id=\"1e5e5f9\" data-element_type=\"column\" data-e-type=\"column\" data-settings=\"{&quot;background_background&quot;:&quot;classic&quot;,&quot;animation&quot;:&quot;none&quot;}\">\n\t\t\t<div class=\"elementor-widget-wrap elementor-element-populated\">\n\t\t\t\t\t\t<div class=\"elementor-element elementor-element-024a506 elementor-widget elementor-widget-image\" data-id=\"024a506\" data-element_type=\"widget\" data-e-type=\"widget\" data-settings=\"{&quot;_animation&quot;:&quot;none&quot;}\" data-widget_type=\"image.default\">\n\t\t\t\t<div class=\"elementor-widget-container\">\n\t\t\t\t\t\t\t\t\t\t\t\t\t\t\t<img decoding=\"async\" width=\"375\" height=\"547\" src=\"https:\/\/malki.info\/inicio\/wp-content\/uploads\/2023\/05\/Gran-toyo11.jpg\" class=\"elementor-animation-wobble-to-top-right attachment-full size-full wp-image-59\" alt=\"\" \/>\t\t\t\t\t\t\t\t\t\t\t\t\t\t\t<\/div>\n\t\t\t\t<\/div>\n\t\t\t\t\t<\/div>\n\t\t<\/div>\n\t\t\t\t\t<\/div>\n\t\t<\/section>\n\t\t\t\t<\/div>\n\t\t","protected":false},"excerpt":{"rendered":"<p>UN AUTRE VISAGE DES ANDES UN VOYAGE IMAGINAIRE A TRAVERS DES SONS, DES COULEURS ET DES RYTHMES MECONNUS DE L\u2019AMERIQUE LATINE AVEC M A L K I Musicien multi-instrumentiste, compositeur, producteur de musique et communicateur en ligne, n\u00e9 \u00e0 Lima, au P\u00e9rou, et vivant en Suisse depuis 1996, Malki (William Valencia) a \u00e9t\u00e9 attir\u00e9 d\u00e8s [&hellip;]<\/p>\n","protected":false},"author":1,"featured_media":0,"parent":0,"menu_order":0,"comment_status":"closed","ping_status":"closed","template":"","meta":{"site-sidebar-layout":"no-sidebar","site-content-layout":"page-builder","ast-site-content-layout":"default","site-content-style":"default","site-sidebar-style":"default","ast-global-header-display":"","ast-banner-title-visibility":"","ast-main-header-display":"","ast-hfb-above-header-display":"","ast-hfb-below-header-display":"","ast-hfb-mobile-header-display":"","site-post-title":"disabled","ast-breadcrumbs-content":"","ast-featured-img":"disabled","footer-sml-layout":"","ast-disable-related-posts":"","theme-transparent-header-meta":"","adv-header-id-meta":"","stick-header-meta":"","header-above-stick-meta":"","header-main-stick-meta":"","header-below-stick-meta":"","astra-migrate-meta-layouts":"default","ast-page-background-enabled":"default","ast-page-background-meta":{"desktop":{"background-color":"var(--ast-global-color-4)","background-image":"","background-repeat":"repeat","background-position":"center center","background-size":"auto","background-attachment":"scroll","background-type":"","background-media":"","overlay-type":"","overlay-color":"","overlay-opacity":"","overlay-gradient":""},"tablet":{"background-color":"","background-image":"","background-repeat":"repeat","background-position":"center center","background-size":"auto","background-attachment":"scroll","background-type":"","background-media":"","overlay-type":"","overlay-color":"","overlay-opacity":"","overlay-gradient":""},"mobile":{"background-color":"","background-image":"","background-repeat":"repeat","background-position":"center center","background-size":"auto","background-attachment":"scroll","background-type":"","background-media":"","overlay-type":"","overlay-color":"","overlay-opacity":"","overlay-gradient":""}},"ast-content-background-meta":{"desktop":{"background-color":"var(--ast-global-color-5)","background-image":"","background-repeat":"repeat","background-position":"center center","background-size":"auto","background-attachment":"scroll","background-type":"","background-media":"","overlay-type":"","overlay-color":"","overlay-opacity":"","overlay-gradient":""},"tablet":{"background-color":"var(--ast-global-color-5)","background-image":"","background-repeat":"repeat","background-position":"center center","background-size":"auto","background-attachment":"scroll","background-type":"","background-media":"","overlay-type":"","overlay-color":"","overlay-opacity":"","overlay-gradient":""},"mobile":{"background-color":"var(--ast-global-color-5)","background-image":"","background-repeat":"repeat","background-position":"center center","background-size":"auto","background-attachment":"scroll","background-type":"","background-media":"","overlay-type":"","overlay-color":"","overlay-opacity":"","overlay-gradient":""}},"footnotes":""},"class_list":["post-139","page","type-page","status-publish","hentry"],"_links":{"self":[{"href":"https:\/\/malki.info\/inicio\/index.php\/wp-json\/wp\/v2\/pages\/139","targetHints":{"allow":["GET"]}}],"collection":[{"href":"https:\/\/malki.info\/inicio\/index.php\/wp-json\/wp\/v2\/pages"}],"about":[{"href":"https:\/\/malki.info\/inicio\/index.php\/wp-json\/wp\/v2\/types\/page"}],"author":[{"embeddable":true,"href":"https:\/\/malki.info\/inicio\/index.php\/wp-json\/wp\/v2\/users\/1"}],"replies":[{"embeddable":true,"href":"https:\/\/malki.info\/inicio\/index.php\/wp-json\/wp\/v2\/comments?post=139"}],"version-history":[{"count":30,"href":"https:\/\/malki.info\/inicio\/index.php\/wp-json\/wp\/v2\/pages\/139\/revisions"}],"predecessor-version":[{"id":525,"href":"https:\/\/malki.info\/inicio\/index.php\/wp-json\/wp\/v2\/pages\/139\/revisions\/525"}],"wp:attachment":[{"href":"https:\/\/malki.info\/inicio\/index.php\/wp-json\/wp\/v2\/media?parent=139"}],"curies":[{"name":"wp","href":"https:\/\/api.w.org\/{rel}","templated":true}]}}