{"id":205,"date":"2023-05-23T19:59:04","date_gmt":"2023-05-23T17:59:04","guid":{"rendered":"https:\/\/malki.info\/inicio\/?page_id=205"},"modified":"2023-05-23T20:04:08","modified_gmt":"2023-05-23T18:04:08","slug":"la-misa-criolla","status":"publish","type":"page","link":"https:\/\/malki.info\/inicio\/index.php\/la-misa-criolla\/","title":{"rendered":"La Misa Criolla"},"content":{"rendered":"\t\t<div data-elementor-type=\"wp-page\" data-elementor-id=\"205\" class=\"elementor elementor-205\">\n\t\t\t\t\t\t<section class=\"elementor-section elementor-top-section elementor-element elementor-element-02c4350 elementor-section-boxed elementor-section-height-default elementor-section-height-default\" data-id=\"02c4350\" data-element_type=\"section\" data-e-type=\"section\">\n\t\t\t\t\t\t<div class=\"elementor-container elementor-column-gap-default\">\n\t\t\t\t\t<div class=\"elementor-column elementor-col-100 elementor-top-column elementor-element elementor-element-0beebc9\" data-id=\"0beebc9\" data-element_type=\"column\" data-e-type=\"column\">\n\t\t\t<div class=\"elementor-widget-wrap\">\n\t\t\t\t\t\t\t<\/div>\n\t\t<\/div>\n\t\t\t\t\t<\/div>\n\t\t<\/section>\n\t\t\t\t<section class=\"elementor-section elementor-top-section elementor-element elementor-element-b1be870 elementor-section-content-bottom elementor-section-boxed elementor-section-height-default elementor-section-height-default\" data-id=\"b1be870\" data-element_type=\"section\" data-e-type=\"section\" data-settings=\"{&quot;background_background&quot;:&quot;classic&quot;}\">\n\t\t\t\t\t\t<div class=\"elementor-container elementor-column-gap-default\">\n\t\t\t\t\t<div class=\"elementor-column elementor-col-50 elementor-top-column elementor-element elementor-element-fce22e8\" data-id=\"fce22e8\" data-element_type=\"column\" data-e-type=\"column\">\n\t\t\t<div class=\"elementor-widget-wrap elementor-element-populated\">\n\t\t\t\t\t\t<div class=\"elementor-element elementor-element-374216f elementor-view-stacked elementor-widget__width-initial elementor-shape-circle elementor-widget elementor-widget-icon\" data-id=\"374216f\" data-element_type=\"widget\" data-e-type=\"widget\" data-widget_type=\"icon.default\">\n\t\t\t\t<div class=\"elementor-widget-container\">\n\t\t\t\t\t\t\t<div class=\"elementor-icon-wrapper\">\n\t\t\t<div class=\"elementor-icon\">\n\t\t\t<i aria-hidden=\"true\" class=\"fas fa-hand-point-down\"><\/i>\t\t\t<\/div>\n\t\t<\/div>\n\t\t\t\t\t\t<\/div>\n\t\t\t\t<\/div>\n\t\t\t\t<div class=\"elementor-element elementor-element-6ca5894 elementor-widget__width-initial elementor-widget elementor-widget-image\" data-id=\"6ca5894\" data-element_type=\"widget\" data-e-type=\"widget\" data-widget_type=\"image.default\">\n\t\t\t\t<div class=\"elementor-widget-container\">\n\t\t\t\t\t\t\t\t\t\t\t\t\t\t\t<img fetchpriority=\"high\" decoding=\"async\" width=\"800\" height=\"252\" src=\"https:\/\/malki.info\/inicio\/wp-content\/uploads\/2023\/05\/malkimadfnegtransp.gif\" class=\"attachment-full size-full wp-image-27\" alt=\"\" \/>\t\t\t\t\t\t\t\t\t\t\t\t\t\t\t<\/div>\n\t\t\t\t<\/div>\n\t\t\t\t<div class=\"elementor-element elementor-element-3d425ac elementor-widget elementor-widget-heading\" data-id=\"3d425ac\" data-element_type=\"widget\" data-e-type=\"widget\" data-widget_type=\"heading.default\">\n\t\t\t\t<div class=\"elementor-widget-container\">\n\t\t\t\t\t<h2 class=\"elementor-heading-title elementor-size-default\">LA MISA CRIOLLA\n\n<\/h2>\t\t\t\t<\/div>\n\t\t\t\t<\/div>\n\t\t\t\t<div class=\"elementor-element elementor-element-8372d3a elementor-tablet-align-start elementor-icon-list--layout-traditional elementor-list-item-link-full_width elementor-widget elementor-widget-icon-list\" data-id=\"8372d3a\" data-element_type=\"widget\" data-e-type=\"widget\" data-widget_type=\"icon-list.default\">\n\t\t\t\t<div class=\"elementor-widget-container\">\n\t\t\t\t\t\t\t<ul class=\"elementor-icon-list-items\">\n\t\t\t\t\t\t\t<li class=\"elementor-icon-list-item\">\n\t\t\t\t\t\t\t\t\t\t\t<span class=\"elementor-icon-list-icon\">\n\t\t\t\t\t\t\t<i aria-hidden=\"true\" class=\"far fa-arrow-alt-circle-right\"><\/i>\t\t\t\t\t\t<\/span>\n\t\t\t\t\t\t\t\t\t\t<span class=\"elementor-icon-list-text\">Malki interpr\u00e8te \u00e9galement cette oeuvre sacr\u00e9e compos\u00e9e en 1964 par Ariel Ramirez, auteur de musique folklorique sud am\u00e9ricaine. A l'origine, cette pi\u00e8ce qui reprend les textes liturgiques de l'ordinaire de la messe catholique, a \u00e9t\u00e9 \u00e9crite pour deux solistes t\u00e9nors accompagn\u00e9s d'un choeur et de quelques instruments, occidentaux (par exemple le piano) ou typiques du folklore andin. Les rythmes son \u00e9galement d'origine andine : cela fait de cette oeuvre un t\u00e9moin de la foi chr\u00e9tienne  telle qu'elle est v\u00e9cue en Am\u00e9rique Latine. Cette musique peut tout aussi bien accompagner des liturgies telles que des c\u00e9l\u00e9brations de mariages ou autres que constituer un moment musical comme un concert.  Malki a adapt\u00e9 la partition originale \u00e0 une ex\u00e9cution par deux voix solistes accompagn\u00e9es exclusivement par des instruments andins.  Tout en conservant l'esprit original de la pi\u00e8ce, il a introduit des vents moins connus tel que, par exemple, le toyo (une des plus grandes fl\u00fbte de la famille de fl\u00fbtes de pan) ainsi que le charango, d\u00e9j\u00e0 tr\u00e8s pr\u00e9sent dans la version originale; dans cette interpr\u00e9tation, ce dernier rehausse l'esprit rythmique de cette musique.  Vous pourrez voir et entendre encore d'autres instruments, de l'une ou l'autre des familles pr\u00e9sent\u00e9es ci-dessus, ou alors de leurs cousins : chacun avec son caract\u00e8re et sa couleur. Vous entendrez bien d'autres rythmes et voyagerez ainsi \u00e0 travers l'espace andins et latino-am\u00e9ricain.<\/span>\n\t\t\t\t\t\t\t\t\t<\/li>\n\t\t\t\t\t\t<\/ul>\n\t\t\t\t\t\t<\/div>\n\t\t\t\t<\/div>\n\t\t\t\t<div class=\"elementor-element elementor-element-946fd85 elementor-widget-divider--view-line elementor-widget elementor-widget-divider\" data-id=\"946fd85\" data-element_type=\"widget\" data-e-type=\"widget\" data-widget_type=\"divider.default\">\n\t\t\t\t<div class=\"elementor-widget-container\">\n\t\t\t\t\t\t\t<div class=\"elementor-divider\">\n\t\t\t<span class=\"elementor-divider-separator\">\n\t\t\t\t\t\t<\/span>\n\t\t<\/div>\n\t\t\t\t\t\t<\/div>\n\t\t\t\t<\/div>\n\t\t\t\t\t<\/div>\n\t\t<\/div>\n\t\t\t\t<div class=\"elementor-column elementor-col-50 elementor-top-column elementor-element elementor-element-91f44b0\" data-id=\"91f44b0\" data-element_type=\"column\" data-e-type=\"column\" data-settings=\"{&quot;background_background&quot;:&quot;classic&quot;,&quot;animation&quot;:&quot;none&quot;}\">\n\t\t\t<div class=\"elementor-widget-wrap elementor-element-populated\">\n\t\t\t\t\t\t<div class=\"elementor-element elementor-element-dfd8b1b elementor-widget elementor-widget-image\" data-id=\"dfd8b1b\" data-element_type=\"widget\" data-e-type=\"widget\" data-settings=\"{&quot;_animation&quot;:&quot;none&quot;}\" data-widget_type=\"image.default\">\n\t\t\t\t<div class=\"elementor-widget-container\">\n\t\t\t\t\t\t\t\t\t\t\t\t\t\t\t<img decoding=\"async\" width=\"790\" height=\"1150\" src=\"https:\/\/malki.info\/inicio\/wp-content\/uploads\/2023\/05\/guitarra.jpg\" class=\"attachment-full size-full wp-image-167\" alt=\"\" \/>\t\t\t\t\t\t\t\t\t\t\t\t\t\t\t<\/div>\n\t\t\t\t<\/div>\n\t\t\t\t\t<\/div>\n\t\t<\/div>\n\t\t\t\t\t<\/div>\n\t\t<\/section>\n\t\t\t\t<section class=\"elementor-section elementor-top-section elementor-element elementor-element-16a33a9 elementor-section-boxed elementor-section-height-default elementor-section-height-default\" data-id=\"16a33a9\" data-element_type=\"section\" data-e-type=\"section\">\n\t\t\t\t\t\t<div class=\"elementor-container elementor-column-gap-default\">\n\t\t\t\t\t<div class=\"elementor-column elementor-col-100 elementor-top-column elementor-element elementor-element-4a17810\" data-id=\"4a17810\" data-element_type=\"column\" data-e-type=\"column\">\n\t\t\t<div class=\"elementor-widget-wrap\">\n\t\t\t\t\t\t\t<\/div>\n\t\t<\/div>\n\t\t\t\t\t<\/div>\n\t\t<\/section>\n\t\t\t\t<section class=\"elementor-section elementor-top-section elementor-element elementor-element-c107492 elementor-section-full_width elementor-section-height-default elementor-section-height-default\" data-id=\"c107492\" data-element_type=\"section\" data-e-type=\"section\">\n\t\t\t\t\t\t<div class=\"elementor-container elementor-column-gap-default\">\n\t\t\t\t\t<div class=\"elementor-column elementor-col-100 elementor-top-column elementor-element elementor-element-232a389\" data-id=\"232a389\" data-element_type=\"column\" data-e-type=\"column\">\n\t\t\t<div class=\"elementor-widget-wrap elementor-element-populated\">\n\t\t\t\t\t\t<div class=\"elementor-element elementor-element-98dbd0f elementor-widget__width-inherit elementor-widget elementor-widget-html\" data-id=\"98dbd0f\" data-element_type=\"widget\" data-e-type=\"widget\" data-widget_type=\"html.default\">\n\t\t\t\t<div class=\"elementor-widget-container\">\n\t\t\t\t\t<iframe src=\"https:\/\/radio.andaina.net\/cp\/widgets\/player\/single\/?p=8024\" height=\"110\" width=\"100%\" scrolling=\"no\" style=\"border:none;\"><\/iframe>\r\n\r\n<a href=\"https:\/\/radio.andaina.net\/cp\/links.php?p=8024&m=pls\"><img decoding=\"async\" src=\"https:\/\/radio.andaina.net\/cp\/inc\/images\/players\/winamp2.png\" border=\"0\"><\/a>\r\n\r\n<a href=\"https:\/\/radio.andaina.net\/cp\/links.php?p=8024&m=asx\"><img decoding=\"async\" src=\"https:\/\/radio.andaina.net\/cp\/inc\/images\/players\/mediaplayer.png\" border=\"0\"><\/a>\r\n\r\n<a href=\"https:\/\/radio.andaina.net\/cp\/links.php?p=8024&m=pls\"><img decoding=\"async\" src=\"https:\/\/radio.andaina.net\/cp\/inc\/images\/players\/vlc.png\" border=\"0\"><\/a>\r\n\r\n<a href=\"https:\/\/radio.andaina.net\/cp\/links.php?p=8024&m=pls\"><img decoding=\"async\" src=\"https:\/\/radio.andaina.net\/cp\/inc\/images\/players\/itunes.png\" border=\"0\"><\/a>\r\n\r\n<a href=\"https:\/\/radio.andaina.net\/cp\/links.php?p=8024&m=ram\"><img decoding=\"async\" src=\"https:\/\/radio.andaina.net\/cp\/inc\/images\/players\/real.png\" border=\"0\"><\/a>\r\n\r\n<a href=\"https:\/\/radio.andaina.net\/8024\/stream\" target=\"_blank\"><img decoding=\"async\" src=\"https:\/\/radio.andaina.net\/cp\/inc\/images\/players\/sslplay.png\" border=\"0\"><\/a>\t\t\t\t<\/div>\n\t\t\t\t<\/div>\n\t\t\t\t\t<\/div>\n\t\t<\/div>\n\t\t\t\t\t<\/div>\n\t\t<\/section>\n\t\t\t\t<\/div>\n\t\t","protected":false},"excerpt":{"rendered":"<p>LA MISA CRIOLLA Malki interpr\u00e8te \u00e9galement cette oeuvre sacr\u00e9e compos\u00e9e en 1964 par Ariel Ramirez, auteur de musique folklorique sud am\u00e9ricaine. A l&rsquo;origine, cette pi\u00e8ce qui reprend les textes liturgiques de l&rsquo;ordinaire de la messe catholique, a \u00e9t\u00e9 \u00e9crite pour deux solistes t\u00e9nors accompagn\u00e9s d&rsquo;un choeur et de quelques instruments, occidentaux (par exemple le piano) [&hellip;]<\/p>\n","protected":false},"author":1,"featured_media":0,"parent":0,"menu_order":0,"comment_status":"closed","ping_status":"closed","template":"","meta":{"site-sidebar-layout":"no-sidebar","site-content-layout":"page-builder","ast-site-content-layout":"default","site-content-style":"default","site-sidebar-style":"default","ast-global-header-display":"","ast-banner-title-visibility":"","ast-main-header-display":"","ast-hfb-above-header-display":"","ast-hfb-below-header-display":"","ast-hfb-mobile-header-display":"","site-post-title":"disabled","ast-breadcrumbs-content":"","ast-featured-img":"disabled","footer-sml-layout":"","ast-disable-related-posts":"","theme-transparent-header-meta":"","adv-header-id-meta":"","stick-header-meta":"","header-above-stick-meta":"","header-main-stick-meta":"","header-below-stick-meta":"","astra-migrate-meta-layouts":"default","ast-page-background-enabled":"default","ast-page-background-meta":{"desktop":{"background-color":"var(--ast-global-color-4)","background-image":"","background-repeat":"repeat","background-position":"center center","background-size":"auto","background-attachment":"scroll","background-type":"","background-media":"","overlay-type":"","overlay-color":"","overlay-opacity":"","overlay-gradient":""},"tablet":{"background-color":"","background-image":"","background-repeat":"repeat","background-position":"center center","background-size":"auto","background-attachment":"scroll","background-type":"","background-media":"","overlay-type":"","overlay-color":"","overlay-opacity":"","overlay-gradient":""},"mobile":{"background-color":"","background-image":"","background-repeat":"repeat","background-position":"center center","background-size":"auto","background-attachment":"scroll","background-type":"","background-media":"","overlay-type":"","overlay-color":"","overlay-opacity":"","overlay-gradient":""}},"ast-content-background-meta":{"desktop":{"background-color":"var(--ast-global-color-5)","background-image":"","background-repeat":"repeat","background-position":"center center","background-size":"auto","background-attachment":"scroll","background-type":"","background-media":"","overlay-type":"","overlay-color":"","overlay-opacity":"","overlay-gradient":""},"tablet":{"background-color":"var(--ast-global-color-5)","background-image":"","background-repeat":"repeat","background-position":"center center","background-size":"auto","background-attachment":"scroll","background-type":"","background-media":"","overlay-type":"","overlay-color":"","overlay-opacity":"","overlay-gradient":""},"mobile":{"background-color":"var(--ast-global-color-5)","background-image":"","background-repeat":"repeat","background-position":"center center","background-size":"auto","background-attachment":"scroll","background-type":"","background-media":"","overlay-type":"","overlay-color":"","overlay-opacity":"","overlay-gradient":""}},"footnotes":""},"class_list":["post-205","page","type-page","status-publish","hentry"],"_links":{"self":[{"href":"https:\/\/malki.info\/inicio\/index.php\/wp-json\/wp\/v2\/pages\/205","targetHints":{"allow":["GET"]}}],"collection":[{"href":"https:\/\/malki.info\/inicio\/index.php\/wp-json\/wp\/v2\/pages"}],"about":[{"href":"https:\/\/malki.info\/inicio\/index.php\/wp-json\/wp\/v2\/types\/page"}],"author":[{"embeddable":true,"href":"https:\/\/malki.info\/inicio\/index.php\/wp-json\/wp\/v2\/users\/1"}],"replies":[{"embeddable":true,"href":"https:\/\/malki.info\/inicio\/index.php\/wp-json\/wp\/v2\/comments?post=205"}],"version-history":[{"count":3,"href":"https:\/\/malki.info\/inicio\/index.php\/wp-json\/wp\/v2\/pages\/205\/revisions"}],"predecessor-version":[{"id":209,"href":"https:\/\/malki.info\/inicio\/index.php\/wp-json\/wp\/v2\/pages\/205\/revisions\/209"}],"wp:attachment":[{"href":"https:\/\/malki.info\/inicio\/index.php\/wp-json\/wp\/v2\/media?parent=205"}],"curies":[{"name":"wp","href":"https:\/\/api.w.org\/{rel}","templated":true}]}}