{"id":210,"date":"2023-05-23T20:41:18","date_gmt":"2023-05-23T18:41:18","guid":{"rendered":"https:\/\/malki.info\/inicio\/?page_id=210"},"modified":"2025-05-05T18:17:27","modified_gmt":"2025-05-05T16:17:27","slug":"instruments-2","status":"publish","type":"page","link":"https:\/\/malki.info\/inicio\/index.php\/instruments-2\/","title":{"rendered":"Instruments"},"content":{"rendered":"\t\t<div data-elementor-type=\"wp-page\" data-elementor-id=\"210\" class=\"elementor elementor-210\">\n\t\t\t\t\t\t<section class=\"elementor-section elementor-top-section elementor-element elementor-element-f53e858 elementor-section-boxed elementor-section-height-default elementor-section-height-default\" data-id=\"f53e858\" data-element_type=\"section\" data-e-type=\"section\">\n\t\t\t\t\t\t<div class=\"elementor-container elementor-column-gap-default\">\n\t\t\t\t\t<div class=\"elementor-column elementor-col-100 elementor-top-column elementor-element elementor-element-f19a5be\" data-id=\"f19a5be\" data-element_type=\"column\" data-e-type=\"column\">\n\t\t\t<div class=\"elementor-widget-wrap\">\n\t\t\t\t\t\t\t<\/div>\n\t\t<\/div>\n\t\t\t\t\t<\/div>\n\t\t<\/section>\n\t\t\t\t<section class=\"elementor-section elementor-top-section elementor-element elementor-element-11a9866 elementor-section-content-bottom elementor-section-boxed elementor-section-height-default elementor-section-height-default\" data-id=\"11a9866\" data-element_type=\"section\" data-e-type=\"section\" data-settings=\"{&quot;background_background&quot;:&quot;classic&quot;}\">\n\t\t\t\t\t\t<div class=\"elementor-container elementor-column-gap-default\">\n\t\t\t\t\t<div class=\"elementor-column elementor-col-50 elementor-top-column elementor-element elementor-element-8866cf2\" data-id=\"8866cf2\" data-element_type=\"column\" data-e-type=\"column\">\n\t\t\t<div class=\"elementor-widget-wrap elementor-element-populated\">\n\t\t\t\t\t\t<div class=\"elementor-element elementor-element-d433149 elementor-view-stacked elementor-widget__width-initial elementor-shape-circle elementor-widget elementor-widget-icon\" data-id=\"d433149\" data-element_type=\"widget\" data-e-type=\"widget\" data-widget_type=\"icon.default\">\n\t\t\t\t<div class=\"elementor-widget-container\">\n\t\t\t\t\t\t\t<div class=\"elementor-icon-wrapper\">\n\t\t\t<div class=\"elementor-icon\">\n\t\t\t<i aria-hidden=\"true\" class=\"fas fa-hand-point-down\"><\/i>\t\t\t<\/div>\n\t\t<\/div>\n\t\t\t\t\t\t<\/div>\n\t\t\t\t<\/div>\n\t\t\t\t<div class=\"elementor-element elementor-element-a2edcbf elementor-widget__width-initial elementor-widget elementor-widget-image\" data-id=\"a2edcbf\" data-element_type=\"widget\" data-e-type=\"widget\" data-widget_type=\"image.default\">\n\t\t\t\t<div class=\"elementor-widget-container\">\n\t\t\t\t\t\t\t\t\t\t\t\t\t\t\t<img fetchpriority=\"high\" decoding=\"async\" width=\"800\" height=\"252\" src=\"https:\/\/malki.info\/inicio\/wp-content\/uploads\/2023\/05\/malkimadfnegtransp.gif\" class=\"attachment-full size-full wp-image-27\" alt=\"\" \/>\t\t\t\t\t\t\t\t\t\t\t\t\t\t\t<\/div>\n\t\t\t\t<\/div>\n\t\t\t\t<div class=\"elementor-element elementor-element-5001fa4 elementor-widget elementor-widget-heading\" data-id=\"5001fa4\" data-element_type=\"widget\" data-e-type=\"widget\" data-widget_type=\"heading.default\">\n\t\t\t\t<div class=\"elementor-widget-container\">\n\t\t\t\t\t<h2 class=\"elementor-heading-title elementor-size-default\">INSTRUMENTS\n\n<\/h2>\t\t\t\t<\/div>\n\t\t\t\t<\/div>\n\t\t\t\t<div class=\"elementor-element elementor-element-e5b762d elementor-widget elementor-widget-text-editor\" data-id=\"e5b762d\" data-element_type=\"widget\" data-e-type=\"widget\" data-widget_type=\"text-editor.default\">\n\t\t\t\t<div class=\"elementor-widget-container\">\n\t\t\t\t\t\t\t\t\t<h2><strong><em>Instruments \u00e0 vent andins<\/em><\/strong><\/h2>\n<p><em>Quena, quenacho, zampo\u00f1a maltes, bastos, anataras, piments, toyos, tarkas, mohoce\u00f1os, occarinnes, rondadores, tabla-sikus, aspayo, sifflets, saxophone&nbsp;<\/em><\/p>\n<h2><strong><em>Instruments \u00e0 cordes<\/em><\/strong><\/h2>\n<p><em>Guitare acoustique et \u00e9lectro-acoustique, basse \u00e9lectrique, charango, ronrroco (charango \u00e0 l&rsquo;octave grave), cuatro portorrique\u00f1o (guitare portoricaine)<\/em><\/p>\n<h2><strong><em>Instruments de percusion et de bruitage<\/em><\/strong><\/h2>\n<p><\/p>\n<p><em>Wankara, caj\u00f3n, bataj\u00f3n, bong\u00f3s, cachakchas, silbatos (sifflets), toc-toc, claves, huevitos (\u00ab&nbsp;petits oeufs&nbsp;\u00bb), chacapas, cajita peruana (petite caisse p\u00e9ruvienne), casta\u00f1ueletas, quijada de burro, houiro, matracas, trutruca, pututos, b\u00e2ton de pluie<\/em><\/p>\t\t\t\t\t\t\t\t<\/div>\n\t\t\t\t<\/div>\n\t\t\t\t<div class=\"elementor-element elementor-element-7a8be31 elementor-tablet-align-start elementor-icon-list--layout-traditional elementor-list-item-link-full_width elementor-widget elementor-widget-icon-list\" data-id=\"7a8be31\" data-element_type=\"widget\" data-e-type=\"widget\" data-widget_type=\"icon-list.default\">\n\t\t\t\t<div class=\"elementor-widget-container\">\n\t\t\t\t\t\t\t<ul class=\"elementor-icon-list-items\">\n\t\t\t\t\t\t\t<li class=\"elementor-icon-list-item\">\n\t\t\t\t\t\t\t\t\t\t\t<span class=\"elementor-icon-list-icon\">\n\t\t\t\t\t\t\t<i aria-hidden=\"true\" class=\"far fa-arrow-alt-circle-right\"><\/i>\t\t\t\t\t\t<\/span>\n\t\t\t\t\t\t\t\t\t\t<span class=\"elementor-icon-list-text\"><\/span>\n\t\t\t\t\t\t\t\t\t<\/li>\n\t\t\t\t\t\t<\/ul>\n\t\t\t\t\t\t<\/div>\n\t\t\t\t<\/div>\n\t\t\t\t<div class=\"elementor-element elementor-element-1533047 elementor-widget-divider--view-line elementor-widget elementor-widget-divider\" data-id=\"1533047\" data-element_type=\"widget\" data-e-type=\"widget\" data-widget_type=\"divider.default\">\n\t\t\t\t<div class=\"elementor-widget-container\">\n\t\t\t\t\t\t\t<div class=\"elementor-divider\">\n\t\t\t<span class=\"elementor-divider-separator\">\n\t\t\t\t\t\t<\/span>\n\t\t<\/div>\n\t\t\t\t\t\t<\/div>\n\t\t\t\t<\/div>\n\t\t\t\t\t<\/div>\n\t\t<\/div>\n\t\t\t\t<div class=\"elementor-column elementor-col-50 elementor-top-column elementor-element elementor-element-7df9fe2\" data-id=\"7df9fe2\" data-element_type=\"column\" data-e-type=\"column\" data-settings=\"{&quot;background_background&quot;:&quot;classic&quot;,&quot;animation&quot;:&quot;none&quot;}\">\n\t\t\t<div class=\"elementor-widget-wrap elementor-element-populated\">\n\t\t\t\t\t\t<div class=\"elementor-element elementor-element-d28c1f7 elementor-widget__width-inherit elementor-widget elementor-widget-image\" data-id=\"d28c1f7\" data-element_type=\"widget\" data-e-type=\"widget\" data-settings=\"{&quot;_animation&quot;:&quot;none&quot;}\" data-widget_type=\"image.default\">\n\t\t\t\t<div class=\"elementor-widget-container\">\n\t\t\t\t\t\t\t\t\t\t\t\t\t\t\t<img decoding=\"async\" width=\"1190\" height=\"740\" src=\"https:\/\/malki.info\/inicio\/wp-content\/uploads\/2023\/05\/instruments.jpg\" class=\"attachment-full size-full wp-image-177\" alt=\"\" \/>\t\t\t\t\t\t\t\t\t\t\t\t\t\t\t<\/div>\n\t\t\t\t<\/div>\n\t\t\t\t\t<\/div>\n\t\t<\/div>\n\t\t\t\t\t<\/div>\n\t\t<\/section>\n\t\t\t\t<section class=\"elementor-section elementor-top-section elementor-element elementor-element-ff01789 elementor-section-full_width elementor-section-height-default elementor-section-height-default\" data-id=\"ff01789\" data-element_type=\"section\" data-e-type=\"section\">\n\t\t\t\t\t\t<div class=\"elementor-container elementor-column-gap-default\">\n\t\t\t\t\t<div class=\"elementor-column elementor-col-100 elementor-top-column elementor-element elementor-element-fb6eda7\" data-id=\"fb6eda7\" data-element_type=\"column\" data-e-type=\"column\">\n\t\t\t<div class=\"elementor-widget-wrap elementor-element-populated\">\n\t\t\t\t\t\t<div class=\"elementor-element elementor-element-451c688 elementor-widget__width-inherit elementor-widget elementor-widget-html\" data-id=\"451c688\" data-element_type=\"widget\" data-e-type=\"widget\" data-widget_type=\"html.default\">\n\t\t\t\t<div class=\"elementor-widget-container\">\n\t\t\t\t\t<iframe src=\"https:\/\/radio.andaina.net\/cp\/widgets\/player\/single\/?p=8024\" height=\"110\" width=\"100%\" scrolling=\"no\" style=\"border:none;\"><\/iframe>\r\n\r\n<a href=\"https:\/\/radio.andaina.net\/cp\/links.php?p=8024&m=pls\"><img decoding=\"async\" src=\"https:\/\/radio.andaina.net\/cp\/inc\/images\/players\/winamp2.png\" border=\"0\"><\/a>\r\n\r\n<a href=\"https:\/\/radio.andaina.net\/cp\/links.php?p=8024&m=asx\"><img decoding=\"async\" src=\"https:\/\/radio.andaina.net\/cp\/inc\/images\/players\/mediaplayer.png\" border=\"0\"><\/a>\r\n\r\n<a href=\"https:\/\/radio.andaina.net\/cp\/links.php?p=8024&m=pls\"><img decoding=\"async\" src=\"https:\/\/radio.andaina.net\/cp\/inc\/images\/players\/vlc.png\" border=\"0\"><\/a>\r\n\r\n<a href=\"https:\/\/radio.andaina.net\/cp\/links.php?p=8024&m=pls\"><img decoding=\"async\" src=\"https:\/\/radio.andaina.net\/cp\/inc\/images\/players\/itunes.png\" border=\"0\"><\/a>\r\n\r\n<a href=\"https:\/\/radio.andaina.net\/cp\/links.php?p=8024&m=ram\"><img decoding=\"async\" src=\"https:\/\/radio.andaina.net\/cp\/inc\/images\/players\/real.png\" border=\"0\"><\/a>\r\n\r\n<a href=\"https:\/\/radio.andaina.net\/8024\/stream\" target=\"_blank\"><img decoding=\"async\" src=\"https:\/\/radio.andaina.net\/cp\/inc\/images\/players\/sslplay.png\" border=\"0\"><\/a>\t\t\t\t<\/div>\n\t\t\t\t<\/div>\n\t\t\t\t\t<\/div>\n\t\t<\/div>\n\t\t\t\t\t<\/div>\n\t\t<\/section>\n\t\t\t\t<\/div>\n\t\t","protected":false},"excerpt":{"rendered":"<p>INSTRUMENTS Instruments \u00e0 vent andins Quena, quenacho, zampo\u00f1a maltes, bastos, anataras, piments, toyos, tarkas, mohoce\u00f1os, occarinnes, rondadores, tabla-sikus, aspayo, sifflets, saxophone&nbsp; Instruments \u00e0 cordes Guitare acoustique et \u00e9lectro-acoustique, basse \u00e9lectrique, charango, ronrroco (charango \u00e0 l&rsquo;octave grave), cuatro portorrique\u00f1o (guitare portoricaine) Instruments de percusion et de bruitage Wankara, caj\u00f3n, bataj\u00f3n, bong\u00f3s, cachakchas, silbatos (sifflets), toc-toc, claves, [&hellip;]<\/p>\n","protected":false},"author":1,"featured_media":0,"parent":0,"menu_order":0,"comment_status":"closed","ping_status":"closed","template":"","meta":{"site-sidebar-layout":"no-sidebar","site-content-layout":"page-builder","ast-site-content-layout":"default","site-content-style":"default","site-sidebar-style":"default","ast-global-header-display":"","ast-banner-title-visibility":"","ast-main-header-display":"","ast-hfb-above-header-display":"","ast-hfb-below-header-display":"","ast-hfb-mobile-header-display":"","site-post-title":"disabled","ast-breadcrumbs-content":"","ast-featured-img":"disabled","footer-sml-layout":"","ast-disable-related-posts":"","theme-transparent-header-meta":"","adv-header-id-meta":"","stick-header-meta":"","header-above-stick-meta":"","header-main-stick-meta":"","header-below-stick-meta":"","astra-migrate-meta-layouts":"default","ast-page-background-enabled":"default","ast-page-background-meta":{"desktop":{"background-color":"var(--ast-global-color-4)","background-image":"","background-repeat":"repeat","background-position":"center center","background-size":"auto","background-attachment":"scroll","background-type":"","background-media":"","overlay-type":"","overlay-color":"","overlay-opacity":"","overlay-gradient":""},"tablet":{"background-color":"","background-image":"","background-repeat":"repeat","background-position":"center center","background-size":"auto","background-attachment":"scroll","background-type":"","background-media":"","overlay-type":"","overlay-color":"","overlay-opacity":"","overlay-gradient":""},"mobile":{"background-color":"","background-image":"","background-repeat":"repeat","background-position":"center center","background-size":"auto","background-attachment":"scroll","background-type":"","background-media":"","overlay-type":"","overlay-color":"","overlay-opacity":"","overlay-gradient":""}},"ast-content-background-meta":{"desktop":{"background-color":"var(--ast-global-color-5)","background-image":"","background-repeat":"repeat","background-position":"center center","background-size":"auto","background-attachment":"scroll","background-type":"","background-media":"","overlay-type":"","overlay-color":"","overlay-opacity":"","overlay-gradient":""},"tablet":{"background-color":"var(--ast-global-color-5)","background-image":"","background-repeat":"repeat","background-position":"center center","background-size":"auto","background-attachment":"scroll","background-type":"","background-media":"","overlay-type":"","overlay-color":"","overlay-opacity":"","overlay-gradient":""},"mobile":{"background-color":"var(--ast-global-color-5)","background-image":"","background-repeat":"repeat","background-position":"center center","background-size":"auto","background-attachment":"scroll","background-type":"","background-media":"","overlay-type":"","overlay-color":"","overlay-opacity":"","overlay-gradient":""}},"footnotes":""},"class_list":["post-210","page","type-page","status-publish","hentry"],"_links":{"self":[{"href":"https:\/\/malki.info\/inicio\/index.php\/wp-json\/wp\/v2\/pages\/210","targetHints":{"allow":["GET"]}}],"collection":[{"href":"https:\/\/malki.info\/inicio\/index.php\/wp-json\/wp\/v2\/pages"}],"about":[{"href":"https:\/\/malki.info\/inicio\/index.php\/wp-json\/wp\/v2\/types\/page"}],"author":[{"embeddable":true,"href":"https:\/\/malki.info\/inicio\/index.php\/wp-json\/wp\/v2\/users\/1"}],"replies":[{"embeddable":true,"href":"https:\/\/malki.info\/inicio\/index.php\/wp-json\/wp\/v2\/comments?post=210"}],"version-history":[{"count":18,"href":"https:\/\/malki.info\/inicio\/index.php\/wp-json\/wp\/v2\/pages\/210\/revisions"}],"predecessor-version":[{"id":392,"href":"https:\/\/malki.info\/inicio\/index.php\/wp-json\/wp\/v2\/pages\/210\/revisions\/392"}],"wp:attachment":[{"href":"https:\/\/malki.info\/inicio\/index.php\/wp-json\/wp\/v2\/media?parent=210"}],"curies":[{"name":"wp","href":"https:\/\/api.w.org\/{rel}","templated":true}]}}